{"id":1004,"date":"2023-08-19T12:56:43","date_gmt":"2023-08-19T10:56:43","guid":{"rendered":"https:\/\/julia-arman.fr\/?page_id=1004"},"modified":"2025-10-03T22:20:18","modified_gmt":"2025-10-03T20:20:18","slug":"cours-particulier-de-yoga","status":"publish","type":"page","link":"https:\/\/julia-arman.fr\/index.php\/cours-particulier-de-yoga\/","title":{"rendered":"Cours particulier de yoga"},"content":{"rendered":"\n<p>Cours particulier de yoga \u2013 votre parenth\u00e8se sur mesure<\/p>\n\n\n\n<p>Offrez-vous un vrai temps pour vous.<br>En s\u00e9ance individuelle, vous pratiquez <strong>\u00e0 votre rythme<\/strong>, dans un cadre <strong>bienveillant<\/strong> et enti\u00e8rement <strong>adapt\u00e9 \u00e0 vos besoins<\/strong>.<\/p>\n\n\n\n<h3 class=\"wp-block-heading\">Ce que vous allez y gagner<\/h3>\n\n\n\n<ul class=\"wp-block-list\">\n<li>des <strong>ajustements pr\u00e9cis<\/strong> pour des postures plus s\u00fbres et efficaces ;<\/li>\n\n\n\n<li>une <strong>respiration approfondie<\/strong> qui apaise le mental ;<\/li>\n\n\n\n<li>un <strong>rel\u00e2chement durable<\/strong> des tensions ;<\/li>\n\n\n\n<li>une progression <strong>sur mesure<\/strong> selon vos objectifs (souplesse, d\u00e9tente, \u00e9nergie, gestion du stress\u2026).<\/li>\n<\/ul>\n\n\n\n<p>D\u00e9butant ou confirm\u00e9, je vous guide pas \u00e0 pas pour vous recentrer, retrouver votre axe et repartir <strong>plus l\u00e9ger, pr\u00e9sent et vitalis\u00e9<\/strong>.<\/p>\n\n\n\n<p><strong>Pr\u00eat \u00e0 vous offrir ce moment ?<\/strong><br>\ud83d\udc49 <strong>R\u00e9servez votre s\u00e9ance individuelle<\/strong> et offrez \u00e0 votre corps et \u00e0 votre esprit une vraie bulle de bien-\u00eatre.<\/p>\n\n\n\n<p><em>Astuce : venez avec un objectif du moment (dos, sommeil, stress\u2026) pour une s\u00e9ance encore plus cibl\u00e9e.<\/em><\/p>\n\n\n\n<style>@import url('https:\/\/fonts.googleapis.com\/css?family=Work+Sans:100,200,300,400,500,600,700,800,900&display=swap');.btn-liberlo {text-decoration: none;word-break: break-word;max-width: fit-content;appearance: none;border:none;cursor:pointer;font-family: \"Work Sans\",arial,sans-serif;font-size: 16px;font-weight: 500;color: #fff;line-height: 1;display: -webkit-box;display: -ms-flexbox;display: flex;-webkit-box-align: center;-ms-flex-align: center;align-items: center;padding: 9px 54px;background-color: #6d58d6;border-radius: 5px;-webkit-transition: all .2s ease;-o-transition: all .2s ease;transition: all .2s ease;} .btn-liberlo img {margin-right: 10px;} .btn-liberlo .text {color: white!important;} .btn-liberlo:hover {background-color: #4e3f99;}<\/style><a href=\"https:\/\/liberlo.com\/profil\/julia-arman-2\/\" class=\"btn-liberlo\" target=\"_blank\"><img decoding=\"async\" src=\"https:\/\/app.liberlo.com\/wp-content\/themes\/liberlo\/assets\/imgs\/logo-simple-blanc.png\" alt=\"\"><span class=\"text\">r\u00e9servez un cours particulier<\/span><\/a>\n","protected":false},"excerpt":{"rendered":"<p>Cours particulier de yoga \u2013 votre parenth\u00e8se sur mesure Offrez-vous un vrai temps pour vous.En s\u00e9ance individuelle, vous pratiquez \u00e0 votre rythme, dans un cadre bienveillant et enti\u00e8rement adapt\u00e9 \u00e0 vos besoins. Ce que vous allez y gagner D\u00e9butant ou<\/p>\n","protected":false},"author":1,"featured_media":1013,"parent":0,"menu_order":0,"comment_status":"closed","ping_status":"closed","template":"","meta":{"footnotes":""},"class_list":["post-1004","page","type-page","status-publish","has-post-thumbnail","hentry","","tg-column-two"],"_links":{"self":[{"href":"https:\/\/julia-arman.fr\/index.php\/wp-json\/wp\/v2\/pages\/1004","targetHints":{"allow":["GET"]}}],"collection":[{"href":"https:\/\/julia-arman.fr\/index.php\/wp-json\/wp\/v2\/pages"}],"about":[{"href":"https:\/\/julia-arman.fr\/index.php\/wp-json\/wp\/v2\/types\/page"}],"author":[{"embeddable":true,"href":"https:\/\/julia-arman.fr\/index.php\/wp-json\/wp\/v2\/users\/1"}],"replies":[{"embeddable":true,"href":"https:\/\/julia-arman.fr\/index.php\/wp-json\/wp\/v2\/comments?post=1004"}],"version-history":[{"count":4,"href":"https:\/\/julia-arman.fr\/index.php\/wp-json\/wp\/v2\/pages\/1004\/revisions"}],"predecessor-version":[{"id":1390,"href":"https:\/\/julia-arman.fr\/index.php\/wp-json\/wp\/v2\/pages\/1004\/revisions\/1390"}],"wp:featuredmedia":[{"embeddable":true,"href":"https:\/\/julia-arman.fr\/index.php\/wp-json\/wp\/v2\/media\/1013"}],"wp:attachment":[{"href":"https:\/\/julia-arman.fr\/index.php\/wp-json\/wp\/v2\/media?parent=1004"}],"curies":[{"name":"wp","href":"https:\/\/api.w.org\/{rel}","templated":true}]}}