{"id":1172,"date":"2023-11-29T20:34:57","date_gmt":"2023-11-29T19:34:57","guid":{"rendered":"https:\/\/julia-arman.fr\/?page_id=1172"},"modified":"2025-11-21T11:36:17","modified_gmt":"2025-11-21T10:36:17","slug":"cartes-cadeaux","status":"publish","type":"page","link":"https:\/\/julia-arman.fr\/index.php\/cartes-cadeaux\/","title":{"rendered":"Cartes cadeau bien-\u00eatre (No\u00ebl 2025)"},"content":{"rendered":"\n<p class=\"has-text-align-left has-medium-font-size\">Pour les f\u00eates de fin d\u2019ann\u00e9e (ou pour toute belle occasion), offrez un moment de ressourcement \u00e0 ceux que vous aimez \ud83c\udf3f<\/p>\n\n\n\n<p class=\"has-text-align-left has-medium-font-size\">Je propose des <strong>cartes cadeau<\/strong> pour un soin ou un accompagnement individuel de <strong>1h ou 1h30<\/strong>.<\/p>\n\n\n\n<p class=\"has-text-align-left has-medium-font-size\">Et si vous avez envie d\u2019en recevoir une\u2026 vous pouvez aussi partager discr\u00e8tement cette page \u00e0 la personne de votre choix &#8230;!<\/p>\n\n\n\n<div class=\"wp-block-buttons has-custom-font-size has-medium-font-size is-content-justification-center is-layout-flex wp-container-core-buttons-is-layout-16018d1d wp-block-buttons-is-layout-flex\">\n<div class=\"wp-block-button\"><a class=\"wp-block-button__link has-luminous-vivid-amber-background-color has-background wp-element-button\" href=\"#commande\"><strong>Je commande une carte<\/strong> <strong>cadeau<\/strong><\/a><\/div>\n<\/div>\n\n\n\n<div style=\"height:31px\" aria-hidden=\"true\" class=\"wp-block-spacer\"><\/div>\n\n\n<div class=\"wp-block-image\">\n<figure class=\"aligncenter size-large is-resized\"><img loading=\"lazy\" decoding=\"async\" width=\"1024\" height=\"455\" src=\"https:\/\/julia-arman.fr\/wp-content\/uploads\/carte-cadeau-recto-1024x455.png\" alt=\"\" class=\"wp-image-1417\" style=\"width:632px;height:auto\" srcset=\"https:\/\/julia-arman.fr\/wp-content\/uploads\/carte-cadeau-recto-1024x455.png 1024w, https:\/\/julia-arman.fr\/wp-content\/uploads\/carte-cadeau-recto-300x133.png 300w, https:\/\/julia-arman.fr\/wp-content\/uploads\/carte-cadeau-recto-768x341.png 768w, https:\/\/julia-arman.fr\/wp-content\/uploads\/carte-cadeau-recto-1536x683.png 1536w, https:\/\/julia-arman.fr\/wp-content\/uploads\/carte-cadeau-recto.png 2000w\" sizes=\"auto, (max-width: 1024px) 100vw, 1024px\" \/><\/figure>\n<\/div>\n\n\n<h2 class=\"wp-block-heading has-medium-font-size\"><strong>Les formules :\u00a0<\/strong><\/h2>\n\n\n\n<ul class=\"wp-block-list\">\n<li class=\"has-medium-font-size\"><strong>Carte cadeau 1h : 60 euros<\/strong><\/li>\n\n\n\n<li class=\"has-medium-font-size\"><strong>Carte cadeau 1h30 : 80 euros<\/strong><\/li>\n<\/ul>\n\n\n\n<p class=\"has-medium-font-size\">Les cartes sont valables jusqu&rsquo;en d\u00e9cembre 2027.<\/p>\n\n\n\n<h2 class=\"wp-block-heading has-medium-font-size\"><strong>Ce que le b\u00e9n\u00e9ficiaire pourra choisir : <\/strong><\/h2>\n\n\n\n<p>Au moment de l\u2019utilisation, le b\u00e9n\u00e9ficiaire pourra choisir entre :<\/p>\n\n\n\n<ul class=\"wp-block-list has-medium-font-size\">\n<li><strong>un massage<\/strong> (Massage du ventre Chi Nei Tsang, Massage \u00e9nerg\u00e9tique chinois, d\u00e9tente du dos,  &#8230;), ou<\/li>\n\n\n\n<li><strong>un cours particulier de yoga<\/strong>, ou<\/li>\n\n\n\n<li><strong>un accompagnement personnalis\u00e9 <\/strong>( bilan de sant\u00e9 naturelle, \u00e9quilibrage alimentaire, &#8230;)<\/li>\n<\/ul>\n\n\n\n<h2 class=\"wp-block-heading has-medium-font-size\"><strong>Comment commander votre carte cadeau ?<\/strong><\/h2>\n\n\n\n<p>Vous pouvez :<\/p>\n\n\n\n<ul class=\"wp-block-list has-medium-font-size\">\n<li><strong>Commander en ligne<\/strong> via le formulaire ci-dessous<\/li>\n\n\n\n<li>Ou <strong>me contacter directement<\/strong> (07.81.10.86.99)<\/li>\n<\/ul>\n\n\n\n<p class=\"has-medium-font-size\">Les r\u00e8glements se font soit en esp\u00e8ces, soit par ch\u00e8que ou par virement bancaire. <\/p>\n\n\n\n<p class=\"has-medium-font-size\">Vous pourrez venir chercher la ou les cartes soit au Domaine St Nicolas \u00e0 Montech, ou \u00e0 la Maison Passiflore \u00e0 Montauban, soit \u00e0 mon cabinet, \u00e0 Montech. Si vous souhaitez la recevoir par la poste, comptez 2 euros suppl\u00e9mentaire pour l&rsquo;a l&rsquo;envoi.<\/p>\n\n\n\n<h3 class=\"wp-block-heading\" id=\"commande\">Je souhaite commander une carte-cadeau : <\/h3>\n\n\n\n<p>Remplissez le formulaire ci-dessous pour commander votre carte<\/p>\n\n\n<div class=\"everest-forms\"><div class=\"evf-container default\" id=\"evf-1171\"><form id=\"evf-form-1171\" class=\"everest-form\" data-formid=\"1171\" data-ajax_submission=\"0\" data-keyboard_friendly_form=\"0\" data-form_state_type=\"\" method=\"post\" enctype=\"multipart\/form-data\" action=\"\/index.php\/wp-json\/wp\/v2\/pages\/1172\"><div class=\"evf-field-container\"><input type=\"hidden\" id=\"_wpnonce1171\" name=\"_wpnonce1171\" value=\"1d86eed081\" \/><input type=\"hidden\" name=\"_wp_http_referer\" value=\"\/index.php\/wp-json\/wp\/v2\/pages\/1172\" \/><div class=\"evf-frontend-row\" data-row=\"row_1\" conditional_rules=\"[]\"><div class=\"evf-frontend-grid evf-grid-1\" data-grid=\"grid_1\"><div id=\"evf-1171-field_CqN7qWVvCs-7-container\" class=\"evf-field evf-field-checkbox form-row validate-required\" data-required-field-message=\"Ce champs est obligatoire\" data-field-id=\"CqN7qWVvCs-7\"><label class=\"evf-field-label\" for=\"evf-1171-field_CqN7qWVvCs-7\"><span class=\"evf-label\">Choisissez la ou les formule(s)<\/span> <abbr class=\"required\" title=\"N\u00e9cessaire\">*<\/abbr><\/label><ul id=\"evf-1171-field_CqN7qWVvCs-7\" class=\" evf-field-required\"><li class=\"choice-1 depth-1\"><input type=\"checkbox\" id=\"evf-1171-field_CqN7qWVvCs-7_1\" class=\"input-text\" name=\"everest_forms[form_fields][CqN7qWVvCs-7][]\" value=\"Carte cadeau 1h (60 euros)\" required ><label class=\"everest-forms-field-label-inline\" for=\"evf-1171-field_CqN7qWVvCs-7_1\">Carte cadeau 1h (60 euros)<\/label><\/li><li class=\"choice-2 depth-1\"><input type=\"checkbox\" id=\"evf-1171-field_CqN7qWVvCs-7_2\" class=\"input-text\" name=\"everest_forms[form_fields][CqN7qWVvCs-7][]\" value=\"Carte cadeau 1h30 (80 euros)\" required ><label class=\"everest-forms-field-label-inline\" for=\"evf-1171-field_CqN7qWVvCs-7_2\">Carte cadeau 1h30 (80 euros)<\/label><\/li><\/ul><\/div><div id=\"evf-1171-field_yhGx3FOwr2-4-container\" class=\"evf-field evf-field-textarea form-row\" data-field-id=\"yhGx3FOwr2-4\"><label class=\"evf-field-label\" for=\"evf-1171-field_yhGx3FOwr2-4\"><span class=\"evf-label\">Remarque(s)<\/span> <\/label><textarea id=\"evf-1171-field_yhGx3FOwr2-4\" class=\"input-text\" name=\"everest_forms[form_fields][yhGx3FOwr2-4]\"  ><\/textarea><div class=\"evf-field-description\">Si il y a une commande multiple, sp\u00e9cifiez-en ici le d\u00e9tail. Ou si vous avez une autre remarque \u00e0 faire.<\/div><\/div><div id=\"evf-1171-field_bPjDZ9NmOx-10-container\" class=\"evf-field evf-field-number form-row validate-required\" data-required-field-message=\"Please enter a valid number.\" data-field-id=\"bPjDZ9NmOx-10\"><label class=\"evf-field-label\" for=\"evf-1171-field_bPjDZ9NmOx-10\"><span class=\"evf-label\">Montant total de la commande (+2 euros si envoi par la poste)<\/span> <abbr class=\"required\" title=\"N\u00e9cessaire\">*<\/abbr><\/label><input type=\"number\" id=\"evf-1171-field_bPjDZ9NmOx-10\" class=\"input-text\" name=\"everest_forms[form_fields][bPjDZ9NmOx-10]\" required\/><div class=\"evf-field-description\">Si vous avez choisi l'envoi par la poste, l'envoi sera fait d\u00e8s r\u00e9ception du r\u00e8glement.<\/div><\/div><div id=\"evf-1171-field_5fM6QZjdOX-11-container\" class=\"evf-field evf-field-radio form-row validate-required\" data-required-field-message=\"Ce champs est obligatoire\" data-field-id=\"5fM6QZjdOX-11\"><label class=\"evf-field-label\" for=\"evf-1171-field_5fM6QZjdOX-11\"><span class=\"evf-label\">mode de paiement<\/span> <abbr class=\"required\" title=\"N\u00e9cessaire\">*<\/abbr><\/label><ul id=\"evf-1171-field_5fM6QZjdOX-11\" class=\" evf-field-required\"><li class=\"choice-1 depth-1\"><input type=\"radio\" id=\"evf-1171-field_5fM6QZjdOX-11_1\" class=\"input-text\" name=\"everest_forms[form_fields][5fM6QZjdOX-11]\" value=\"en esp\u00e8ces (pour les r\u00e9glements en direct)\" required ><label class=\"everest-forms-field-label-inline\" for=\"evf-1171-field_5fM6QZjdOX-11_1\">en esp\u00e8ces (pour les r\u00e9glements en direct)<\/label><\/li><li class=\"choice-2 depth-1\"><input type=\"radio\" id=\"evf-1171-field_5fM6QZjdOX-11_2\" class=\"input-text\" name=\"everest_forms[form_fields][5fM6QZjdOX-11]\" value=\"par ch\u00e8que (\u00e0 l&#039;ordre de Julia Arman, r\u00e9glement en direct ou par la poste, adresse : La Fosse, 4 route d&#039;Auch \u00e0 82700 Bourret)\" required ><label class=\"everest-forms-field-label-inline\" for=\"evf-1171-field_5fM6QZjdOX-11_2\">par ch\u00e8que (\u00e0 l'ordre de Julia Arman, r\u00e9glement en direct ou par la poste, adresse : La Fosse, 4 route d'Auch \u00e0 82700 Bourret)<\/label><\/li><li class=\"choice-3 depth-1\"><input type=\"radio\" id=\"evf-1171-field_5fM6QZjdOX-11_3\" class=\"input-text\" name=\"everest_forms[form_fields][5fM6QZjdOX-11]\" value=\"par virement\" required ><label class=\"everest-forms-field-label-inline\" for=\"evf-1171-field_5fM6QZjdOX-11_3\">par virement<\/label><\/li><\/ul><\/div><div id=\"evf-1171-field_soT5ZElDZo-13-container\" class=\"evf-field evf-field-radio form-row validate-required\" data-required-field-message=\"Ce champs est obligatoire\" data-field-id=\"soT5ZElDZo-13\"><label class=\"evf-field-label\" for=\"evf-1171-field_soT5ZElDZo-13\"><span class=\"evf-label\">R\u00e9ception de la carte<\/span> <abbr class=\"required\" title=\"N\u00e9cessaire\">*<\/abbr><\/label><ul id=\"evf-1171-field_soT5ZElDZo-13\" class=\" evf-field-required\"><li class=\"choice-1 depth-1\"><input type=\"radio\" id=\"evf-1171-field_soT5ZElDZo-13_1\" class=\"input-text\" name=\"everest_forms[form_fields][soT5ZElDZo-13]\" value=\"Sur place \u00e0 Montech ou Montauban\" required ><label class=\"everest-forms-field-label-inline\" for=\"evf-1171-field_soT5ZElDZo-13_1\">Sur place \u00e0 Montech ou Montauban<\/label><\/li><li class=\"choice-2 depth-1\"><input type=\"radio\" id=\"evf-1171-field_soT5ZElDZo-13_2\" class=\"input-text\" name=\"everest_forms[form_fields][soT5ZElDZo-13]\" value=\"Par courrier envoy\u00e9 par la poste\" required ><label class=\"everest-forms-field-label-inline\" for=\"evf-1171-field_soT5ZElDZo-13_2\">Par courrier envoy\u00e9 par la poste<\/label><\/li><\/ul><\/div><div id=\"evf-1171-field_0ZbY06kIo1-12-container\" class=\"evf-field evf-field-first-name form-row\" data-field-id=\"0ZbY06kIo1-12\"><label class=\"evf-field-label\" for=\"evf-1171-field_0ZbY06kIo1-12\"><span class=\"evf-label\">Votre adresse postale si vous voulez recevoir la carte par la poste<\/span> <\/label><input type=\"text\" id=\"evf-1171-field_0ZbY06kIo1-12\" class=\"input-text\" name=\"everest_forms[form_fields][0ZbY06kIo1-12]\" ><\/div><div id=\"evf-1171-field_ys0GeZISRs-1-container\" class=\"evf-field evf-field-first-name form-row validate-required\" data-required-field-message=\"Ce champs est obligatoire\" data-field-id=\"ys0GeZISRs-1\"><label class=\"evf-field-label\" for=\"evf-1171-field_ys0GeZISRs-1\"><span class=\"evf-label\">Votre Nom, Pr\u00e9nom<\/span> <abbr class=\"required\" title=\"N\u00e9cessaire\">*<\/abbr><\/label><input type=\"text\" id=\"evf-1171-field_ys0GeZISRs-1\" class=\"input-text\" name=\"everest_forms[form_fields][ys0GeZISRs-1]\" required><\/div><div id=\"evf-1171-field_LbH5NxasXM-2-container\" class=\"evf-field evf-field-email form-row validate-required validate-email\" data-required-field-message=\"Entrez un e-mail valide\" data-field-id=\"LbH5NxasXM-2\"><label class=\"evf-field-label\" for=\"evf-1171-field_LbH5NxasXM-2\"><span class=\"evf-label\">Email<\/span> <abbr class=\"required\" title=\"N\u00e9cessaire\">*<\/abbr><\/label><input type=\"email\" id=\"evf-1171-field_LbH5NxasXM-2\" class=\"input-text\" name=\"everest_forms[form_fields][LbH5NxasXM-2]\" required ><div class=\"evf-field-description\">L'e-mail me sert juste \u00e0 pouvoir vous contacter si besoin et recevoir le mail de confirmation, il ne sera pas utiliser \u00e0 d'autres fins!<\/div><\/div><div id=\"evf-1171-field_T7vn38s76V-9-container\" class=\"evf-field evf-field-number form-row validate-required\" data-required-field-message=\"Please enter a valid number.\" data-field-id=\"T7vn38s76V-9\"><label class=\"evf-field-label\" for=\"evf-1171-field_T7vn38s76V-9\"><span class=\"evf-label\">Votre Num\u00e9ro de t\u00e9l\u00e9phone<\/span> <abbr class=\"required\" title=\"N\u00e9cessaire\">*<\/abbr><\/label><input type=\"number\" id=\"evf-1171-field_T7vn38s76V-9\" class=\"input-text\" name=\"everest_forms[form_fields][T7vn38s76V-9]\" required\/><div class=\"evf-field-description\">Pour les m\u00eames raisons que l'e-mail...<\/div><\/div><\/div><\/div><div class=\"evf-frontend-row\" data-row=\"row_2\" conditional_rules=\"[]\"><div class=\"evf-frontend-grid evf-grid-1\" data-grid=\"grid_1\"><\/div><\/div><\/div><div class=\"evf-honeypot-container evf-field-hp\"><label for=\"evf-1171-field-hp\" class=\"evf-field-label\">Phone<\/label><input type=\"text\" name=\"everest_forms[hp]\" id=\"evf-1171-field-hp\" class=\"input-text\"><\/div><div class=\"evf-submit-container \" ><input type=\"hidden\" name=\"everest_forms[id]\" value=\"1171\"><input type=\"hidden\" name=\"everest_forms[author]\" value=\"1\"><button type='submit' name='everest_forms[submit]' class='everest-forms-submit-button button evf-submit ' id='evf-submit-1171' value='evf-submit' data-process-text=\"En cours\" conditional_rules='&quot;&quot;' conditional_id='evf-submit-1171'  id=\"evf-submit-1171\" aria-live=\"assertive\">Envoyer<\/button><\/div><\/form><\/div><!-- .evf-container --><\/div>\n","protected":false},"excerpt":{"rendered":"<p>Pour les f\u00eates de fin d\u2019ann\u00e9e (ou pour toute belle occasion), offrez un moment de ressourcement \u00e0 ceux que vous aimez \ud83c\udf3f Je propose des cartes cadeau pour un soin ou un accompagnement individuel de 1h ou 1h30. Et si<\/p>\n","protected":false},"author":1,"featured_media":1183,"parent":0,"menu_order":0,"comment_status":"closed","ping_status":"closed","template":"","meta":{"footnotes":""},"class_list":["post-1172","page","type-page","status-publish","has-post-thumbnail","hentry","","tg-column-two"],"_links":{"self":[{"href":"https:\/\/julia-arman.fr\/index.php\/wp-json\/wp\/v2\/pages\/1172","targetHints":{"allow":["GET"]}}],"collection":[{"href":"https:\/\/julia-arman.fr\/index.php\/wp-json\/wp\/v2\/pages"}],"about":[{"href":"https:\/\/julia-arman.fr\/index.php\/wp-json\/wp\/v2\/types\/page"}],"author":[{"embeddable":true,"href":"https:\/\/julia-arman.fr\/index.php\/wp-json\/wp\/v2\/users\/1"}],"replies":[{"embeddable":true,"href":"https:\/\/julia-arman.fr\/index.php\/wp-json\/wp\/v2\/comments?post=1172"}],"version-history":[{"count":12,"href":"https:\/\/julia-arman.fr\/index.php\/wp-json\/wp\/v2\/pages\/1172\/revisions"}],"predecessor-version":[{"id":1418,"href":"https:\/\/julia-arman.fr\/index.php\/wp-json\/wp\/v2\/pages\/1172\/revisions\/1418"}],"wp:featuredmedia":[{"embeddable":true,"href":"https:\/\/julia-arman.fr\/index.php\/wp-json\/wp\/v2\/media\/1183"}],"wp:attachment":[{"href":"https:\/\/julia-arman.fr\/index.php\/wp-json\/wp\/v2\/media?parent=1172"}],"curies":[{"name":"wp","href":"https:\/\/api.w.org\/{rel}","templated":true}]}}