{"id":1231,"date":"2024-02-11T16:09:05","date_gmt":"2024-02-11T15:09:05","guid":{"rendered":"https:\/\/julia-arman.fr\/?page_id=1231"},"modified":"2024-02-11T16:19:22","modified_gmt":"2024-02-11T15:19:22","slug":"tantra-blanc-occitanie","status":"publish","type":"page","link":"https:\/\/julia-arman.fr\/index.php\/tantra-blanc-occitanie\/","title":{"rendered":"Tantra Blanc &#8211; Occitanie"},"content":{"rendered":"\n<figure class=\"wp-block-image size-full is-resized\"><img loading=\"lazy\" decoding=\"async\" width=\"1000\" height=\"750\" src=\"https:\/\/julia-arman.fr\/wp-content\/uploads\/2024\/02\/tantra-blanc-cumies-1.jpg\" alt=\"\" class=\"wp-image-1235\" style=\"width:671px;height:auto\" srcset=\"https:\/\/julia-arman.fr\/wp-content\/uploads\/2024\/02\/tantra-blanc-cumies-1.jpg 1000w, https:\/\/julia-arman.fr\/wp-content\/uploads\/2024\/02\/tantra-blanc-cumies-1-300x225.jpg 300w, https:\/\/julia-arman.fr\/wp-content\/uploads\/2024\/02\/tantra-blanc-cumies-1-768x576.jpg 768w\" sizes=\"auto, (max-width: 1000px) 100vw, 1000px\" \/><\/figure>\n\n\n\n<p>est la quintessence du Kundalini Yoga. Il agit en profondeur sur le corps et l\u2019esprit en purifiant et lib\u00e9rant vos \u00e9nergies cr\u00e9atrices.<\/p>\n\n\n\n<p>A l\u2019honneur cette ann\u00e9e 2024 :<strong> le 6\u00e8me chakra,<\/strong> <strong>le centre de l\u2019intuition.<\/strong><\/p>\n\n\n\n<p>Les ateliers propos\u00e9s sont ouverts \u00e0 tous : accessibles aux avanc\u00e9s comme aux d\u00e9butants, chacun travaillant \u00e0 son niveau.<\/p>\n\n\n\n<p>Vous aurez l\u2019occasion d\u2019exp\u00e9rimenter :<\/p>\n\n\n\n<p>&#8211; <strong>La Sadhana<\/strong>, pratique d\u2019\u00e9veil de l\u2019\u00e9nergie et de mont\u00e9e en conscience.<\/p>\n\n\n\n<p>&#8211; <strong>Le Kundalini Yoga<\/strong>, pratique \u00e0 la fois dynamique et m\u00e9ditative.<\/p>\n\n\n\n<p>&#8211; <strong>La M\u00e9ditation Active<\/strong>, puissant outil de conscience et de lib\u00e9ration.<\/p>\n\n\n\n<p>&#8211; <strong>Le Tantra Blanc <\/strong>: deux s\u00e9ances, une chaque apr\u00e8s midi.<\/p>\n\n\n\n<p>Les s\u00e9ances de Tantra Blanc seront dirig\u00e9es par Anand Sharabi (Jean-Jacques Rigou), directeur fondateur de l\u2019\u00c9cole du Tantra et de la F\u00e9d\u00e9ration Tantra &amp; Kundalini yoga qui relie tous les praticiens et enseignants form\u00e9s par cette \u00e9cole. Le Tantra Blanc, tel qu\u2019il lui a \u00e9t\u00e9 transmis par Yogi Bhajan, constitue la quintessence de la pratique du Kundalini yoga. Les s\u00e9ances de Tantra Blanc sont des rituels tr\u00e8s puissants qui travaillent \u00e0 purifier et \u00e0 lib\u00e9rer l\u2019\u00e9nergie cr\u00e9atrice, l\u00e0 o\u00f9 elle est bloqu\u00e9e, dans toutes les dimensions de l\u2019\u00eatre (corporelle, \u00e9motionnelle, psychique et spirituelle). En c\u00e9l\u00e9brant l\u2019union des principes masculin et f\u00e9minin \u00e0 l\u2019int\u00e9rieur de soi et avec l\u2019autre on recr\u00e9e le lien sacr\u00e9 entre le sexe, le c\u0153ur et l\u2019esprit dans une profonde communion d\u2019\u00e2me \u00e0 \u00e2me avec son partenaire. Gu\u00e9rison des blessures karmiques, \u00e9veil de l\u2019\u00e9nergie Kundalini, exp\u00e9riences d\u2019expansion de conscience et d\u2019ouverture du c\u0153ur sont parmi les nombreux bienfaits qu\u2019on peut attendre de cette pratique ancestrale rest\u00e9e longtemps secr\u00e8te et r\u00e9serv\u00e9e aux seuls initi\u00e9s.<\/p>\n\n\n\n<p><strong>ASPECTS PRATIQUES<\/strong><\/p>\n\n\n\n<ul class=\"wp-block-list\">\n<li>Dates : Du samedi 25\/05 10h au dimanche 26\/05 \u00e0 18h <\/li>\n\n\n\n<li>Lieu : Domaine de Milhas \u00e0 Cumi\u00e8s, 11410 <\/li>\n\n\n\n<li>Tarif tout inclus : 255\u20ac (en grand dortoir) \u00e0 270\u20ac en chambre de 2 <\/li>\n\n\n\n<li>Informations : Aupr\u00e8s de vos professeurs affili\u00e9s \u00e0 la FTKY <\/li>\n\n\n\n<li>R\u00e9servations : ecoledutantra@gmail.com ou au 05 57 47 47 17 <\/li>\n\n\n\n<li>Date limite d\u2019inscription : 11 mai 2024<\/li>\n<\/ul>\n\n\n<script>\n  if (typeof hasAmeliaEvent === 'undefined') {\n    var hasAmeliaEvent = true;\n  }\n  if (typeof hasEventApiCall === 'undefined' && ('' === '' && '' !== '1')) {\n    var hasEventApiCall = true;\n  }\n  var hasEventShortcode = (typeof hasEventShortcode === 'undefined') ? false : true;\n  var ameliaShortcodeData = (typeof ameliaShortcodeData === 'undefined') ? [] : ameliaShortcodeData;\n  ameliaShortcodeData.push(\n    {\n      'hasApiCall': (typeof hasEventApiCall !== 'undefined') && hasEventApiCall,\n      'trigger': '',\n      'trigger_type': '',\n      'triggered_form': 'elf',\n      'in_dialog': '',\n      'counter': '1000',\n      'employee': '',\n      'eventId': '373',\n      'eventRecurring': 0,\n      'eventTag': \"\",\n      'locationId': \"\",\n      'range': \"\"\n    }\n  );\n  var ameliaShortcodeDataTriggered = (typeof ameliaShortcodeDataTriggered === 'undefined') ? [] : ameliaShortcodeDataTriggered;\n  if (ameliaShortcodeData[ameliaShortcodeData.length - 1].trigger !== '') {\n    if (ameliaShortcodeDataTriggered.filter(a => a.counter === ameliaShortcodeData[ameliaShortcodeData.length - 1].counter).length === 0) {\n      ameliaShortcodeDataTriggered.push(ameliaShortcodeData.pop());\n    } else {\n      ameliaShortcodeData.pop()\n    }\n  }\n  if (typeof hasEventApiCall !== 'undefined' && hasEventApiCall) {\n    hasEventApiCall = false;\n  }\n<\/script>\n\n<div\n  id=\"amelia-v2-booking-1000\"\n  class=\"amelia-v2-booking\"\n>\n    <events-list-form-wrapper><\/div>\n","protected":false},"excerpt":{"rendered":"<p>est la quintessence du Kundalini Yoga. Il agit en profondeur sur le corps et l\u2019esprit en purifiant et lib\u00e9rant vos \u00e9nergies cr\u00e9atrices. A l\u2019honneur cette ann\u00e9e 2024 : le 6\u00e8me chakra, le centre de l\u2019intuition. Les ateliers propos\u00e9s sont ouverts<\/p>\n","protected":false},"author":1,"featured_media":0,"parent":0,"menu_order":0,"comment_status":"closed","ping_status":"closed","template":"","meta":{"footnotes":""},"class_list":["post-1231","page","type-page","status-publish","hentry","","tg-column-two"],"_links":{"self":[{"href":"https:\/\/julia-arman.fr\/index.php\/wp-json\/wp\/v2\/pages\/1231","targetHints":{"allow":["GET"]}}],"collection":[{"href":"https:\/\/julia-arman.fr\/index.php\/wp-json\/wp\/v2\/pages"}],"about":[{"href":"https:\/\/julia-arman.fr\/index.php\/wp-json\/wp\/v2\/types\/page"}],"author":[{"embeddable":true,"href":"https:\/\/julia-arman.fr\/index.php\/wp-json\/wp\/v2\/users\/1"}],"replies":[{"embeddable":true,"href":"https:\/\/julia-arman.fr\/index.php\/wp-json\/wp\/v2\/comments?post=1231"}],"version-history":[{"count":3,"href":"https:\/\/julia-arman.fr\/index.php\/wp-json\/wp\/v2\/pages\/1231\/revisions"}],"predecessor-version":[{"id":1237,"href":"https:\/\/julia-arman.fr\/index.php\/wp-json\/wp\/v2\/pages\/1231\/revisions\/1237"}],"wp:attachment":[{"href":"https:\/\/julia-arman.fr\/index.php\/wp-json\/wp\/v2\/media?parent=1231"}],"curies":[{"name":"wp","href":"https:\/\/api.w.org\/{rel}","templated":true}]}}