{"id":194,"date":"2017-11-03T10:56:59","date_gmt":"2017-11-03T09:56:59","guid":{"rendered":"http:\/\/julia-arman.fr\/?page_id=194"},"modified":"2025-10-11T16:26:03","modified_gmt":"2025-10-11T14:26:03","slug":"yoga","status":"publish","type":"page","link":"https:\/\/julia-arman.fr\/index.php\/yoga\/","title":{"rendered":"Yoga"},"content":{"rendered":"\n<h3 class=\"wp-block-heading\">Cours collectifs ou particuliers, ateliers, stages de yoga et de m\u00e9ditation<\/h3>\n\n\n\n<p><strong>Cours collectifs 2023\/2024 \u00e0 Montech :<\/strong><\/p>\n\n\n\n<ul class=\"wp-block-list\">\n<li>voir les <strong><a href=\"https:\/\/julia-arman.fr\/index.php\/horaires\/\">horaires<\/a><\/strong><\/li>\n\n\n\n<li>voir les <strong><a href=\"https:\/\/julia-arman.fr\/index.php\/tarifs-2023-2024\/\">tarifs<\/a><\/strong><\/li>\n\n\n\n<li>D\u00e9couvrir le <strong><a href=\"https:\/\/julia-arman.fr\/index.php\/hatha-yoga-2\/\" data-type=\"link\" data-id=\"https:\/\/julia-arman.fr\/index.php\/hatha-yoga-2\/\">Hatha Yoga<\/a><\/strong><\/li>\n\n\n\n<li>d\u00e9couvrir le<strong> <a href=\"https:\/\/julia-arman.fr\/index.php\/le-kundalini-yoga\/\">Kundalini Yoga<\/a><\/strong><\/li>\n<\/ul>\n\n\n\n<h2 class=\"wp-block-heading\"><span style=\"text-decoration: underline;\">Cours de Yoga<\/span><\/h2>\n\n\n\n<p>Rien de tel pour entretenir sa vigueur et son bien-\u00eatre que de pratiquer de l&rsquo;exercice physique r\u00e9guli\u00e8rement!<\/p>\n\n\n\n<p>Le yoga a cette qualit\u00e9 qu&rsquo;il agit non seulement sur notre <strong>corps<\/strong> mais aussi sur notre <strong>mental<\/strong> tout en y m\u00ealant une <strong>dimension spirituelle<\/strong>. En r\u00e9alit\u00e9, le yoga envisage l&rsquo;\u00eatre sur tous ses plans, il ne dissocie pas le physique du psychologique. C&rsquo;est donc tout naturellement qu&rsquo;on s&rsquo;y sent \u00ab\u00a0entier\u00a0\u00bb, (r\u00e9-)unifi\u00e9, authentique. C&rsquo;est un tr\u00e8s bel outil pour qui veut faire l&rsquo;exp\u00e9rience de la d\u00e9couverte de soi, au plus profond de soi. On y apprend \u00e0 \u00ab\u00a0\u00e9veiller sa conscience et son \u00e9nergie vitale\u00a0\u00bb, \u00e0 se centrer et capter ses ressources profondes, souvent enfouies.<\/p>\n\n\n\n<p>Tous les cours ont lieu \u00e0 L&rsquo;Espace un Monde en Soi au Domaine St Nicolas \u00e0 <strong>Montech<\/strong> ou \u00e0 la Maison Passiflore \u00e0 <strong>Montauban<\/strong><\/p>\n\n\n\n<p class=\"has-vivid-green-cyan-color has-text-color\"><strong>Pour une premi\u00e8re, je vous invite \u00e0 venir d\u00e9couvrir et pratiquer gratuitement un cours. Vous pouvez choisir un cours en s\u00e9lectionnant un cr\u00e9neau ci-dessous, ou en m&rsquo;appelant au 07.81.10.86.99.<\/strong><\/p>\n\n\n\n<p class=\"has-black-color has-text-color\">Vous souhaitez r\u00e9server un <strong>cours particulier<\/strong> et personnaliser votre pratique? <a href=\"https:\/\/julia-arman.fr\/index.php\/cours-particulier-de-yoga\/\"><strong>Cliquez ici<\/strong><\/a><\/p>\n\n\n<script>\n  if (typeof hasAmeliaEvent === 'undefined') {\n    var hasAmeliaEvent = true;\n  }\n  if (typeof hasEventApiCall === 'undefined' && ('' === '' && '' !== '1')) {\n    var hasEventApiCall = true;\n  }\n  var hasEventShortcode = (typeof hasEventShortcode === 'undefined') ? false : true;\n  var ameliaShortcodeData = (typeof ameliaShortcodeData === 'undefined') ? [] : ameliaShortcodeData;\n  ameliaShortcodeData.push(\n    {\n      'hasApiCall': (typeof hasEventApiCall !== 'undefined') && hasEventApiCall,\n      'trigger': '',\n      'trigger_type': '',\n      'triggered_form': 'ecf',\n      'in_dialog': '',\n      'counter': '1000',\n      'employee': '',\n      'eventId': '',\n      'eventRecurring': 0,\n      'eventTag': \"\",\n      'locationId': \"\"\n    }\n  );\n  var ameliaShortcodeDataTriggered = (typeof ameliaShortcodeDataTriggered === 'undefined') ? [] : ameliaShortcodeDataTriggered;\n  if (ameliaShortcodeData[ameliaShortcodeData.length - 1].trigger !== '') {\n    if (ameliaShortcodeDataTriggered.filter(a => a.counter === ameliaShortcodeData[ameliaShortcodeData.length - 1].counter).length === 0) {\n      ameliaShortcodeDataTriggered.push(ameliaShortcodeData.pop());\n    } else {\n      ameliaShortcodeData.pop()\n    }\n  }\n  if (typeof hasEventApiCall !== 'undefined' && hasEventApiCall) {\n    hasEventApiCall = false;\n  }\n<\/script>\n\n<div\n  id=\"amelia-v2-booking-1000\"\n  class=\"amelia-v2-booking\"\n>\n    <events-calendar-form-wrapper><\/div>\n\n\n\n\n<p class=\"has-text-align-center\">&nbsp;<\/p>\n","protected":false},"excerpt":{"rendered":"<p>Cours collectifs ou particuliers, ateliers, stages de yoga et de m\u00e9ditation Cours collectifs 2023\/2024 \u00e0 Montech : Cours de Yoga Rien de tel pour entretenir sa vigueur et son bien-\u00eatre que de pratiquer de l&rsquo;exercice physique r\u00e9guli\u00e8rement! Le yoga a<\/p>\n","protected":false},"author":1,"featured_media":198,"parent":0,"menu_order":0,"comment_status":"closed","ping_status":"closed","template":"","meta":{"footnotes":""},"class_list":["post-194","page","type-page","status-publish","has-post-thumbnail","hentry","","tg-column-two"],"_links":{"self":[{"href":"https:\/\/julia-arman.fr\/index.php\/wp-json\/wp\/v2\/pages\/194","targetHints":{"allow":["GET"]}}],"collection":[{"href":"https:\/\/julia-arman.fr\/index.php\/wp-json\/wp\/v2\/pages"}],"about":[{"href":"https:\/\/julia-arman.fr\/index.php\/wp-json\/wp\/v2\/types\/page"}],"author":[{"embeddable":true,"href":"https:\/\/julia-arman.fr\/index.php\/wp-json\/wp\/v2\/users\/1"}],"replies":[{"embeddable":true,"href":"https:\/\/julia-arman.fr\/index.php\/wp-json\/wp\/v2\/comments?post=194"}],"version-history":[{"count":18,"href":"https:\/\/julia-arman.fr\/index.php\/wp-json\/wp\/v2\/pages\/194\/revisions"}],"predecessor-version":[{"id":1407,"href":"https:\/\/julia-arman.fr\/index.php\/wp-json\/wp\/v2\/pages\/194\/revisions\/1407"}],"wp:featuredmedia":[{"embeddable":true,"href":"https:\/\/julia-arman.fr\/index.php\/wp-json\/wp\/v2\/media\/198"}],"wp:attachment":[{"href":"https:\/\/julia-arman.fr\/index.php\/wp-json\/wp\/v2\/media?parent=194"}],"curies":[{"name":"wp","href":"https:\/\/api.w.org\/{rel}","templated":true}]}}