{"id":216,"date":"2017-11-04T12:59:36","date_gmt":"2017-11-04T11:59:36","guid":{"rendered":"http:\/\/julia-arman.fr\/?page_id=216"},"modified":"2018-08-26T21:41:22","modified_gmt":"2018-08-26T19:41:22","slug":"praticienne-en-sante-naturelle-naturopathe","status":"publish","type":"page","link":"https:\/\/julia-arman.fr\/index.php\/praticienne-en-sante-naturelle-naturopathe\/","title":{"rendered":"Praticienne en Sant\u00e9 Naturelle"},"content":{"rendered":"<p style=\"padding-left: 30px;\"><span style=\"color: #ff6600;\"><i>\u00ab&nbsp;La <\/i><i><b>sant\u00e9<\/b><\/i><i> est un \u00e9tat de bien-\u00eatre complet physique, mental et social, et ne consiste pas seulement en une absence de maladie ou d&rsquo;infirmit\u00e9&nbsp;\u00bb <\/i>(d\u00e9finition de la sant\u00e9 par l&rsquo;OMS)<\/span><\/p>\n<p>\u00ab&nbsp;La sant\u00e9 est une ressource pour chaque jour de la vie et pas la finalit\u00e9 de la vie. C&rsquo;est une v\u00e9ritable d\u00e9marche devenue n\u00e9cessaire dans une soci\u00e9t\u00e9 de plus en plus soumise au stress. En effet, nous assistons \u00e0 une v\u00e9ritable progression de probl\u00e8mes d&rsquo;origines psychosomatiques, ainsi que diff\u00e9rents troubles fonctionnels (digestif, sommeil, fatigue, anxi\u00e9t\u00e9, troubles de la femme, etc.. ) induits par notre mode de vie. Ces troubles, avant de devenir organiques (ce qui rel\u00e8vera alors du m\u00e9decin), peuvent \u00eatre pris en charge par le \u00ab Praticien en sant\u00e9 naturelle\u00ae \u00bb.<\/p>\n<p><strong><span style=\"color: #ff6600;\">Le Praticien en Sant\u00e9 Naturelle allie les comp\u00e9tences en m\u00e9thodes traditionnelles chinoises (MTC), naturopathie et techniques manuelles pour proposer une solution adapt\u00e9e et personnalis\u00e9e au travers des diff\u00e9rentes s\u00e9ances.<\/span><\/strong><\/p>\n<p>Apr\u00e8s s&rsquo;\u00eatre assur\u00e9 qu&rsquo;il n&rsquo;y a pas de contre-indications (maladie, douleur non diagnostiqu\u00e9e&#8230;), le praticien \u00e9tablira pour son patient un bilan pr\u00e9alable permettant de comprendre et de lui expliquer l&rsquo;origine de son trouble.<\/p>\n<p><img loading=\"lazy\" decoding=\"async\" class=\"wp-image-245 size-medium alignleft\" src=\"http:\/\/julia-arman.fr\/wp-content\/uploads\/2017\/11\/shutterstock_566283568-e1512041924625-300x255.jpg\" alt=\"\" width=\"300\" height=\"255\">Ce bilan, fondamental pour d\u00e9terminer la solution \u00e0 proposer, sera r\u00e9alis\u00e9 avec tous les moyens \u00e0 la disposition du praticien (m\u00e9decine chinoise, r\u00e9flexologie, iridologie, etc.). Par exemple, dans le cas d&rsquo;une fatigue sans troubles du sommeil, ce bilan permettra de choisir entre une s\u00e9ance de r\u00e9flexologie plantaire avec conseils en di\u00e9t\u00e9tique chinoise, ou une \u00e9coute adapt\u00e9e avec une approche psycho-corporelle.<br \/>\nLa s\u00e9ance sera suivie de conseils (phytoth\u00e9rapie, automassages, hygi\u00e8ne de vie, di\u00e9t\u00e9tique chinoise, etc) permettant \u00e0 son patient d&rsquo;effectuer une v\u00e9ritable d\u00e9marche de prise en charge et de construction de son bien-\u00eatre.<\/p>\n<p>source : <a href=\"https:\/\/www.eibe-formation.com\/\">https:\/\/www.eibe-formation.com\/<\/a><\/p>\n<p style=\"text-align: center;\"><a class=\"fasc-button fasc-size-medium fasc-type-flat fasc-rounded-medium fasc-ico-before dashicons-testimonial fasc-style-bold\" style=\"background-color: #33809e; color: #fafafa;\" href=\"http:\/\/julia-arman.fr\/index.php\/contact\/\">Me contacter<\/a><\/p>\n","protected":false},"excerpt":{"rendered":"<p>\u00ab&nbsp;La sant\u00e9 est un \u00e9tat de bien-\u00eatre complet physique, mental et social, et ne consiste pas seulement en une absence de maladie ou d&rsquo;infirmit\u00e9&nbsp;\u00bb (d\u00e9finition de la sant\u00e9 par l&rsquo;OMS) \u00ab&nbsp;La sant\u00e9 est une ressource pour chaque jour de la<\/p>\n","protected":false},"author":1,"featured_media":0,"parent":0,"menu_order":0,"comment_status":"closed","ping_status":"closed","template":"","meta":{"footnotes":""},"class_list":["post-216","page","type-page","status-publish","hentry","","tg-column-two"],"_links":{"self":[{"href":"https:\/\/julia-arman.fr\/index.php\/wp-json\/wp\/v2\/pages\/216","targetHints":{"allow":["GET"]}}],"collection":[{"href":"https:\/\/julia-arman.fr\/index.php\/wp-json\/wp\/v2\/pages"}],"about":[{"href":"https:\/\/julia-arman.fr\/index.php\/wp-json\/wp\/v2\/types\/page"}],"author":[{"embeddable":true,"href":"https:\/\/julia-arman.fr\/index.php\/wp-json\/wp\/v2\/users\/1"}],"replies":[{"embeddable":true,"href":"https:\/\/julia-arman.fr\/index.php\/wp-json\/wp\/v2\/comments?post=216"}],"version-history":[{"count":13,"href":"https:\/\/julia-arman.fr\/index.php\/wp-json\/wp\/v2\/pages\/216\/revisions"}],"predecessor-version":[{"id":323,"href":"https:\/\/julia-arman.fr\/index.php\/wp-json\/wp\/v2\/pages\/216\/revisions\/323"}],"wp:attachment":[{"href":"https:\/\/julia-arman.fr\/index.php\/wp-json\/wp\/v2\/media?parent=216"}],"curies":[{"name":"wp","href":"https:\/\/api.w.org\/{rel}","templated":true}]}}