{"id":423,"date":"2018-08-26T17:47:45","date_gmt":"2018-08-26T15:47:45","guid":{"rendered":"http:\/\/julia-arman.fr\/?page_id=423"},"modified":"2025-09-26T11:17:53","modified_gmt":"2025-09-26T09:17:53","slug":"bilan-de-sante-naturelle-naturopathie","status":"publish","type":"page","link":"https:\/\/julia-arman.fr\/index.php\/bilan-de-sante-naturelle-naturopathie\/","title":{"rendered":"Bilan de Sant\u00e9 Naturelle"},"content":{"rendered":"\n<h3 class=\"wp-block-heading\">Optimisez et pr\u00e9servez votre sant\u00e9 naturellement.<\/h3>\n\n\n\n<style>@import url('https:\/\/fonts.googleapis.com\/css?family=Work+Sans:100,200,300,400,500,600,700,800,900&display=swap');.btn-liberlo {text-decoration: none;word-break: break-word;max-width: fit-content;appearance: none;border:none;cursor:pointer;font-family: \"Work Sans\",arial,sans-serif;font-size: 16px;font-weight: 500;color: #fff;line-height: 1;display: -webkit-box;display: -ms-flexbox;display: flex;-webkit-box-align: center;-ms-flex-align: center;align-items: center;padding: 9px 54px;background-color: #6d58d6;border-radius: 5px;-webkit-transition: all .2s ease;-o-transition: all .2s ease;transition: all .2s ease;} .btn-liberlo img {margin-right: 10px;} .btn-liberlo .text {color: white!important;} .btn-liberlo:hover {background-color: #4e3f99;}<\/style><a href=\"https:\/\/liberlo.com\/profil\/julia-arman-2\/\" class=\"btn-liberlo\" target=\"_blank\"><img decoding=\"async\" src=\"https:\/\/app.liberlo.com\/wp-content\/themes\/liberlo\/assets\/imgs\/logo-simple-blanc.png\" alt=\"\"><span class=\"text\">Prendre rdv<\/span><\/a>\n\n\n\n<p><strong data-start=\"168\" data-end=\"188\">Pourquoi prendre rendez-vous ?<\/strong><br data-start=\"188\" data-end=\"191\">Vous traversez une p\u00e9riode de fatigue, de stress ou de d\u00e9s\u00e9quilibre ? Vous cherchez des solutions naturelles pour prendre soin de vous, retrouver votre \u00e9nergie et vous sentir align\u00e9(e) ?<\/p>\n\n\n\n<p>La naturopathie et l&rsquo;\u00e9nerg\u00e9tique chinoise offrent des outils doux et efficaces pour :<\/p>\n\n\n\n<p><p data-start=\"469\" data-end=\"508\">soutenir votre vitalit\u00e9 au quotidien,<\/p>a<span style=\"background-color: rgba(102, 102, 102, 0.2);\">paiser les tensions physiques et \u00e9motionnelles,<\/span> <p data-start=\"469\" data-end=\"508\"><\/p><p data-start=\"564\" data-end=\"607\">accompagner certains troubles chroniques,<\/p><p data-start=\"610\" data-end=\"673\">pr\u00e9venir plut\u00f4t que gu\u00e9rir, en prenant soin de votre terrain.<\/p><\/p>\n\n\n\n<p>C\u2019est un accompagnement global, qui prend en compte la personne dans toutes ses dimensions \u2013 corps, esprit et \u00e9motions \u2013 pour vous aider \u00e0 avancer vers plus d\u2019\u00e9quilibre et de s\u00e9r\u00e9nit\u00e9.<\/p>\n\n\n\n<p><strong data-start=\"265\" data-end=\"298\">Comment se passe une s\u00e9ance ?<\/strong><br data-start=\"298\" data-end=\"301\">Lors de notre premi\u00e8re rencontre, je prends le temps de vous \u00e9couter attentivement. Nous faisons un point complet sur votre histoire de vie, vos habitudes, vos besoins et vos attentes.<\/p>\n\n\n\n<p>En fonction de ce bilan, je vous propose un accompagnement personnalis\u00e9, qui peut combiner :<\/p>\n\n\n\n<ul class=\"wp-block-list\">\n<li><p data-start=\"586\" data-end=\"662\">des conseils en hygi\u00e8ne de vie (alimentation, sommeil, gestion du stress\u2026)<\/p><\/li>\n\n\n\n<li><p data-start=\"586\" data-end=\"662\">des techniques naturelles issues de la naturopathie (plantes, huiles essentielles, respiration, relaxation\u2026)<\/p><p data-start=\"778\" data-end=\"877\">des outils de la m\u00e9decine chinoise (acupressure, ventouses, moxibustion, conseils \u00e9nerg\u00e9tiques\u2026).<\/p><\/li>\n<\/ul>\n\n\n\n<p>Chaque s\u00e9ance est un moment d\u2019\u00e9change, d\u2019\u00e9coute et de bienveillance, o\u00f9 vous repartez avec des cl\u00e9s concr\u00e8tes pour avancer vers un mieux-\u00eatre durable.<\/p>\n\n\n\n<p><strong data-start=\"148\" data-end=\"182\">Offrez-vous ce temps pour vous<\/strong><br data-start=\"182\" data-end=\"185\">Prendre soin de soi n\u2019est pas un luxe, c\u2019est une n\u00e9cessit\u00e9. Chaque s\u00e9ance est une parenth\u00e8se bienveillante pour \u00e9couter votre corps, comprendre vos besoins et trouver des solutions naturelles adapt\u00e9es.<\/p>\n\n\n\n<p>Que ce soit pour retrouver de l\u2019\u00e9nergie, am\u00e9liorer votre \u00e9quilibre ou simplement vous accorder un moment de ressourcement, je vous accompagne avec attention et respect.<\/p>\n\n\n\n<p>N\u2019h\u00e9sitez pas \u00e0 me contacter pour en savoir plus ou r\u00e9server votre s\u00e9ance.<\/p>\n\n\n\n<figure class=\"wp-block-gallery has-nested-images columns-3 is-cropped wp-block-gallery-1 is-layout-flex wp-block-gallery-is-layout-flex\">\n<figure class=\"wp-block-image size-large\"><a href=\"https:\/\/julia-arman.fr\/wp-content\/uploads\/2017\/10\/shutterstock_258585449-e1512569351516.jpg\"><img loading=\"lazy\" decoding=\"async\" width=\"1024\" height=\"683\" data-id=\"256\" src=\"https:\/\/julia-arman.fr\/wp-content\/uploads\/2017\/10\/shutterstock_258585449-1024x683.jpg\" alt=\"\" class=\"wp-image-256\"\/><\/a><\/figure>\n\n\n\n<figure class=\"wp-block-image size-large\"><a href=\"https:\/\/julia-arman.fr\/wp-content\/uploads\/2017\/10\/shutterstock_281697773-e1512569366878.jpg\"><img loading=\"lazy\" decoding=\"async\" width=\"1024\" height=\"683\" data-id=\"255\" src=\"https:\/\/julia-arman.fr\/wp-content\/uploads\/2017\/10\/shutterstock_281697773-1024x683.jpg\" alt=\"\" class=\"wp-image-255\"\/><\/a><\/figure>\n\n\n\n<figure class=\"wp-block-image size-large\"><a href=\"https:\/\/julia-arman.fr\/wp-content\/uploads\/2017\/10\/legumesviandesnourrvraies_s-1-e1512569376178.jpg\"><img loading=\"lazy\" decoding=\"async\" width=\"1024\" height=\"697\" data-id=\"115\" src=\"https:\/\/julia-arman.fr\/wp-content\/uploads\/2017\/10\/legumesviandesnourrvraies_s-1-e1512568455623-1024x697.jpg\" alt=\"\" class=\"wp-image-115\"\/><\/a><\/figure>\n\n\n\n<figure class=\"wp-block-image size-large\"><a href=\"https:\/\/julia-arman.fr\/wp-content\/uploads\/2017\/10\/shutterstock_95034760-e1512569386808.jpg\"><img loading=\"lazy\" decoding=\"async\" width=\"1024\" height=\"683\" data-id=\"257\" src=\"https:\/\/julia-arman.fr\/wp-content\/uploads\/2017\/10\/shutterstock_95034760-1024x683.jpg\" alt=\"\" class=\"wp-image-257\"\/><\/a><\/figure>\n\n\n\n<figure class=\"wp-block-image size-large\"><a href=\"https:\/\/julia-arman.fr\/wp-content\/uploads\/2017\/10\/shutterstock_402410428-e1512569397674.jpg\"><img loading=\"lazy\" decoding=\"async\" width=\"1024\" height=\"683\" data-id=\"254\" src=\"https:\/\/julia-arman.fr\/wp-content\/uploads\/2017\/10\/shutterstock_402410428-1024x683.jpg\" alt=\"\" class=\"wp-image-254\"\/><\/a><\/figure>\n\n\n\n<figure class=\"wp-block-image size-large\"><a href=\"https:\/\/julia-arman.fr\/wp-content\/uploads\/2017\/10\/shutterstock_330490928-e1512042898686.jpg\"><img loading=\"lazy\" decoding=\"async\" width=\"1024\" height=\"683\" data-id=\"253\" src=\"https:\/\/julia-arman.fr\/wp-content\/uploads\/2017\/10\/shutterstock_330490928-1024x683.jpg\" alt=\"\" class=\"wp-image-253\"\/><\/a><\/figure>\n<\/figure>\n\n\n\n<p>&nbsp;<strong>NB : Une s\u00e9ance chez un praticien en Sant\u00e9 Naturelle ne remplace en aucun cas une consultation chez un m\u00e9decin. Avant de prendre rendez-vous chez un praticien en Sant\u00e9 Naturelle, il est indispensable qu\u2019un diagnostic m\u00e9dical ait \u00e9t\u00e9 pos\u00e9 par un m\u00e9decin.<\/strong><\/p>\n","protected":false},"excerpt":{"rendered":"<p>Optimisez et pr\u00e9servez votre sant\u00e9 naturellement. Prendre rdv Pourquoi prendre rendez-vous ?Vous traversez une p\u00e9riode de fatigue, de stress ou de d\u00e9s\u00e9quilibre ? Vous cherchez des solutions naturelles pour prendre soin de vous, retrouver votre \u00e9nergie et vous sentir align\u00e9(e)<\/p>\n","protected":false},"author":1,"featured_media":979,"parent":0,"menu_order":0,"comment_status":"closed","ping_status":"closed","template":"","meta":{"footnotes":""},"class_list":["post-423","page","type-page","status-publish","has-post-thumbnail","hentry","","tg-column-two"],"_links":{"self":[{"href":"https:\/\/julia-arman.fr\/index.php\/wp-json\/wp\/v2\/pages\/423","targetHints":{"allow":["GET"]}}],"collection":[{"href":"https:\/\/julia-arman.fr\/index.php\/wp-json\/wp\/v2\/pages"}],"about":[{"href":"https:\/\/julia-arman.fr\/index.php\/wp-json\/wp\/v2\/types\/page"}],"author":[{"embeddable":true,"href":"https:\/\/julia-arman.fr\/index.php\/wp-json\/wp\/v2\/users\/1"}],"replies":[{"embeddable":true,"href":"https:\/\/julia-arman.fr\/index.php\/wp-json\/wp\/v2\/comments?post=423"}],"version-history":[{"count":18,"href":"https:\/\/julia-arman.fr\/index.php\/wp-json\/wp\/v2\/pages\/423\/revisions"}],"predecessor-version":[{"id":1340,"href":"https:\/\/julia-arman.fr\/index.php\/wp-json\/wp\/v2\/pages\/423\/revisions\/1340"}],"wp:featuredmedia":[{"embeddable":true,"href":"https:\/\/julia-arman.fr\/index.php\/wp-json\/wp\/v2\/media\/979"}],"wp:attachment":[{"href":"https:\/\/julia-arman.fr\/index.php\/wp-json\/wp\/v2\/media?parent=423"}],"curies":[{"name":"wp","href":"https:\/\/api.w.org\/{rel}","templated":true}]}}