{"id":848,"date":"2023-07-03T14:25:04","date_gmt":"2023-07-03T12:25:04","guid":{"rendered":"https:\/\/julia-arman.fr\/?page_id=848"},"modified":"2025-10-11T16:23:18","modified_gmt":"2025-10-11T14:23:18","slug":"horaires","status":"publish","type":"page","link":"https:\/\/julia-arman.fr\/index.php\/horaires\/","title":{"rendered":"Cours collectifs"},"content":{"rendered":"\n<h5 class=\"wp-block-heading\">Horaires des cours collectifs de Yoga 2025\/2026<\/h5>\n\n\n\n<p>Vous souhaitez essayer un cours? Vous pouvez vous inscrire \u00e0 un <strong>cours d&rsquo;essai gratuit<\/strong> en ligne en bas de cette page, par t\u00e9l au 07.81.10.86.99. <\/p>\n\n\n\n<p><strong><a href=\"https:\/\/julia-arman.fr\/index.php\/tarif\/\">Consultez les tarifs<\/a><\/strong><\/p>\n\n\n\n<figure class=\"wp-block-image size-full\"><img loading=\"lazy\" decoding=\"async\" width=\"940\" height=\"788\" src=\"https:\/\/julia-arman.fr\/wp-content\/uploads\/horaire-mars-2025.png\" alt=\"\" class=\"wp-image-1301\" srcset=\"https:\/\/julia-arman.fr\/wp-content\/uploads\/horaire-mars-2025.png 940w, https:\/\/julia-arman.fr\/wp-content\/uploads\/horaire-mars-2025-300x251.png 300w, https:\/\/julia-arman.fr\/wp-content\/uploads\/horaire-mars-2025-768x644.png 768w\" sizes=\"auto, (max-width: 940px) 100vw, 940px\" \/><\/figure>\n\n\n\n<p class=\"has-medium-font-size\">Pour vous inscrire <strong>\u00e0 un cours d&rsquo;essai<\/strong>, s\u00e9lectionnez un cr\u00e9neau ci-dessous et suivez les consignes.<\/p>\n\n\n<script>\n  if (typeof hasAmeliaEvent === 'undefined') {\n    var hasAmeliaEvent = true;\n  }\n  if (typeof hasEventApiCall === 'undefined' && ('' === '' && '' !== '1')) {\n    var hasEventApiCall = true;\n  }\n  var hasEventShortcode = (typeof hasEventShortcode === 'undefined') ? false : true;\n  var ameliaShortcodeData = (typeof ameliaShortcodeData === 'undefined') ? [] : ameliaShortcodeData;\n  ameliaShortcodeData.push(\n    {\n      'hasApiCall': (typeof hasEventApiCall !== 'undefined') && hasEventApiCall,\n      'trigger': '',\n      'trigger_type': '',\n      'triggered_form': 'ecf',\n      'in_dialog': '',\n      'counter': '1000',\n      'employee': '',\n      'eventId': '',\n      'eventRecurring': 0,\n      'eventTag': \"{cours collectifs,}\",\n      'locationId': \"\"\n    }\n  );\n  var ameliaShortcodeDataTriggered = (typeof ameliaShortcodeDataTriggered === 'undefined') ? [] : ameliaShortcodeDataTriggered;\n  if (ameliaShortcodeData[ameliaShortcodeData.length - 1].trigger !== '') {\n    if (ameliaShortcodeDataTriggered.filter(a => a.counter === ameliaShortcodeData[ameliaShortcodeData.length - 1].counter).length === 0) {\n      ameliaShortcodeDataTriggered.push(ameliaShortcodeData.pop());\n    } else {\n      ameliaShortcodeData.pop()\n    }\n  }\n  if (typeof hasEventApiCall !== 'undefined' && hasEventApiCall) {\n    hasEventApiCall = false;\n  }\n<\/script>\n\n<div\n  id=\"amelia-v2-booking-1000\"\n  class=\"amelia-v2-booking\"\n>\n    <events-calendar-form-wrapper><\/div>\n","protected":false},"excerpt":{"rendered":"<p>Horaires des cours collectifs de Yoga 2025\/2026 Vous souhaitez essayer un cours? Vous pouvez vous inscrire \u00e0 un cours d&rsquo;essai gratuit en ligne en bas de cette page, par t\u00e9l au 07.81.10.86.99. Consultez les tarifs Pour vous inscrire \u00e0 un<\/p>\n","protected":false},"author":1,"featured_media":1059,"parent":0,"menu_order":0,"comment_status":"closed","ping_status":"closed","template":"","meta":{"footnotes":""},"class_list":["post-848","page","type-page","status-publish","has-post-thumbnail","hentry","","tg-column-two"],"_links":{"self":[{"href":"https:\/\/julia-arman.fr\/index.php\/wp-json\/wp\/v2\/pages\/848","targetHints":{"allow":["GET"]}}],"collection":[{"href":"https:\/\/julia-arman.fr\/index.php\/wp-json\/wp\/v2\/pages"}],"about":[{"href":"https:\/\/julia-arman.fr\/index.php\/wp-json\/wp\/v2\/types\/page"}],"author":[{"embeddable":true,"href":"https:\/\/julia-arman.fr\/index.php\/wp-json\/wp\/v2\/users\/1"}],"replies":[{"embeddable":true,"href":"https:\/\/julia-arman.fr\/index.php\/wp-json\/wp\/v2\/comments?post=848"}],"version-history":[{"count":12,"href":"https:\/\/julia-arman.fr\/index.php\/wp-json\/wp\/v2\/pages\/848\/revisions"}],"predecessor-version":[{"id":1404,"href":"https:\/\/julia-arman.fr\/index.php\/wp-json\/wp\/v2\/pages\/848\/revisions\/1404"}],"wp:featuredmedia":[{"embeddable":true,"href":"https:\/\/julia-arman.fr\/index.php\/wp-json\/wp\/v2\/media\/1059"}],"wp:attachment":[{"href":"https:\/\/julia-arman.fr\/index.php\/wp-json\/wp\/v2\/media?parent=848"}],"curies":[{"name":"wp","href":"https:\/\/api.w.org\/{rel}","templated":true}]}}