{"id":864,"date":"2023-07-04T09:28:27","date_gmt":"2023-07-04T07:28:27","guid":{"rendered":"https:\/\/julia-arman.fr\/?page_id=864"},"modified":"2025-08-24T20:41:31","modified_gmt":"2025-08-24T18:41:31","slug":"calendrier-des-cours-de-yoga-ateliers-stages","status":"publish","type":"page","link":"https:\/\/julia-arman.fr\/index.php\/calendrier-des-cours-de-yoga-ateliers-stages\/","title":{"rendered":"Calendrier des cours de Yoga, ateliers &#038; stages"},"content":{"rendered":"\n<p>Pour vous inscrire <strong>\u00e0 un cours d&rsquo;essai<\/strong>, un atelier ou un stage, cliquez sur le cours ou l&rsquo;\u00e9v\u00e9nement auquel vous souhaitez participer et remplissez les infos utiles. Vous recevrez une notification par mail qui vous confirmera votre inscription. <\/p>\n\n\n<script>\n  if (typeof hasAmeliaEvent === 'undefined') {\n    var hasAmeliaEvent = true;\n  }\n  if (typeof hasEventApiCall === 'undefined' && ('' === '' && '' !== '1')) {\n    var hasEventApiCall = true;\n  }\n  var hasEventShortcode = (typeof hasEventShortcode === 'undefined') ? false : true;\n  var ameliaShortcodeData = (typeof ameliaShortcodeData === 'undefined') ? [] : ameliaShortcodeData;\n  ameliaShortcodeData.push(\n    {\n      'hasApiCall': (typeof hasEventApiCall !== 'undefined') && hasEventApiCall,\n      'trigger': '',\n      'trigger_type': '',\n      'triggered_form': 'ecf',\n      'in_dialog': '',\n      'counter': '1000',\n      'employee': '',\n      'eventId': '',\n      'eventRecurring': 0,\n      'eventTag': \"\",\n      'locationId': \"\"\n    }\n  );\n  var ameliaShortcodeDataTriggered = (typeof ameliaShortcodeDataTriggered === 'undefined') ? [] : ameliaShortcodeDataTriggered;\n  if (ameliaShortcodeData[ameliaShortcodeData.length - 1].trigger !== '') {\n    if (ameliaShortcodeDataTriggered.filter(a => a.counter === ameliaShortcodeData[ameliaShortcodeData.length - 1].counter).length === 0) {\n      ameliaShortcodeDataTriggered.push(ameliaShortcodeData.pop());\n    } else {\n      ameliaShortcodeData.pop()\n    }\n  }\n  if (typeof hasEventApiCall !== 'undefined' && hasEventApiCall) {\n    hasEventApiCall = false;\n  }\n<\/script>\n\n<div\n  id=\"amelia-v2-booking-1000\"\n  class=\"amelia-v2-booking\"\n>\n    <events-calendar-form-wrapper><\/div>\n","protected":false},"excerpt":{"rendered":"<p>Pour vous inscrire \u00e0 un cours d&rsquo;essai, un atelier ou un stage, cliquez sur le cours ou l&rsquo;\u00e9v\u00e9nement auquel vous souhaitez participer et remplissez les infos utiles. Vous recevrez une notification par mail qui vous confirmera votre inscription.<\/p>\n","protected":false},"author":1,"featured_media":0,"parent":0,"menu_order":0,"comment_status":"closed","ping_status":"closed","template":"","meta":{"footnotes":""},"class_list":["post-864","page","type-page","status-publish","hentry","","tg-column-two"],"_links":{"self":[{"href":"https:\/\/julia-arman.fr\/index.php\/wp-json\/wp\/v2\/pages\/864","targetHints":{"allow":["GET"]}}],"collection":[{"href":"https:\/\/julia-arman.fr\/index.php\/wp-json\/wp\/v2\/pages"}],"about":[{"href":"https:\/\/julia-arman.fr\/index.php\/wp-json\/wp\/v2\/types\/page"}],"author":[{"embeddable":true,"href":"https:\/\/julia-arman.fr\/index.php\/wp-json\/wp\/v2\/users\/1"}],"replies":[{"embeddable":true,"href":"https:\/\/julia-arman.fr\/index.php\/wp-json\/wp\/v2\/comments?post=864"}],"version-history":[{"count":6,"href":"https:\/\/julia-arman.fr\/index.php\/wp-json\/wp\/v2\/pages\/864\/revisions"}],"predecessor-version":[{"id":1304,"href":"https:\/\/julia-arman.fr\/index.php\/wp-json\/wp\/v2\/pages\/864\/revisions\/1304"}],"wp:attachment":[{"href":"https:\/\/julia-arman.fr\/index.php\/wp-json\/wp\/v2\/media?parent=864"}],"curies":[{"name":"wp","href":"https:\/\/api.w.org\/{rel}","templated":true}]}}