{"id":907,"date":"2023-07-11T09:26:46","date_gmt":"2023-07-11T07:26:46","guid":{"rendered":"https:\/\/julia-arman.fr\/?page_id=907"},"modified":"2023-07-11T09:26:48","modified_gmt":"2023-07-11T07:26:48","slug":"tarifs-2023-2024","status":"publish","type":"page","link":"https:\/\/julia-arman.fr\/index.php\/tarifs-2023-2024\/","title":{"rendered":"Tarifs 2023\/2024"},"content":{"rendered":"\n<p class=\"has-text-align-center\"><strong>Rentr\u00e9e saison 2023\/2024 : 4 septembre 2023<\/strong><\/p>\n\n\n\n<figure class=\"wp-block-image size-large\"><img decoding=\"async\" src=\"https:\/\/kundayoga.fr\/wp-content\/uploads\/2023\/07\/tarifs-20232024-1024x724.png\" alt=\"\" class=\"wp-image-3226\"\/><\/figure>\n\n\n<div class=\"wp-block-image\">\n<figure class=\"alignright is-resized\"><img loading=\"lazy\" decoding=\"async\" src=\"http:\/\/kundayoga.fr\/wp-content\/uploads\/2017\/08\/water-lily-nuphar-lutea-aquatic-plant-blossom-158551.jpeg\" alt=\"water-lily-nuphar-lutea-aquatic-plant-blossom-158551\" class=\"wp-image-287\" width=\"323\" height=\"189\"\/><\/figure>\n<\/div>\n\n\n<h2 class=\"wp-block-heading\">R\u00e8glement des cotisations<\/h2>\n\n\n\n<div class=\"wp-block-group\"><div class=\"wp-block-group__inner-container is-layout-flow wp-block-group-is-layout-flow\">\n<div class=\"wp-block-group\"><div class=\"wp-block-group__inner-container is-layout-flow wp-block-group-is-layout-flow\">\n<div class=\"wp-block-group\"><div class=\"wp-block-group__inner-container is-layout-flow wp-block-group-is-layout-flow\">\n<p>Les r\u00e8glements peuvent se faire par ch\u00e8que, esp\u00e8ces, virement bancaire ou en ligne (voir ci-dessous), lors du 2e cours. <br><br>Les frais annuels s&rsquo;\u00e9l\u00e8vent \u00e0 20 euros de septembre \u00e0 mars, 10 euros d&rsquo;avril \u00e0 ao\u00fbt et doit \u00eatre r\u00e9gl\u00e9e une seule fois par an (ann\u00e9e scolaire)<\/p>\n<\/div><\/div>\n<\/div><\/div>\n\n\n\n<p><\/p>\n<\/div><\/div>\n","protected":false},"excerpt":{"rendered":"<p>Rentr\u00e9e saison 2023\/2024 : 4 septembre 2023 R\u00e8glement des cotisations Les r\u00e8glements peuvent se faire par ch\u00e8que, esp\u00e8ces, virement bancaire ou en ligne (voir ci-dessous), lors du 2e cours. Les frais annuels s&rsquo;\u00e9l\u00e8vent \u00e0 20 euros de septembre \u00e0 mars,<\/p>\n","protected":false},"author":1,"featured_media":0,"parent":0,"menu_order":0,"comment_status":"closed","ping_status":"closed","template":"","meta":{"footnotes":""},"class_list":["post-907","page","type-page","status-publish","hentry","","tg-column-two"],"_links":{"self":[{"href":"https:\/\/julia-arman.fr\/index.php\/wp-json\/wp\/v2\/pages\/907","targetHints":{"allow":["GET"]}}],"collection":[{"href":"https:\/\/julia-arman.fr\/index.php\/wp-json\/wp\/v2\/pages"}],"about":[{"href":"https:\/\/julia-arman.fr\/index.php\/wp-json\/wp\/v2\/types\/page"}],"author":[{"embeddable":true,"href":"https:\/\/julia-arman.fr\/index.php\/wp-json\/wp\/v2\/users\/1"}],"replies":[{"embeddable":true,"href":"https:\/\/julia-arman.fr\/index.php\/wp-json\/wp\/v2\/comments?post=907"}],"version-history":[{"count":1,"href":"https:\/\/julia-arman.fr\/index.php\/wp-json\/wp\/v2\/pages\/907\/revisions"}],"predecessor-version":[{"id":909,"href":"https:\/\/julia-arman.fr\/index.php\/wp-json\/wp\/v2\/pages\/907\/revisions\/909"}],"wp:attachment":[{"href":"https:\/\/julia-arman.fr\/index.php\/wp-json\/wp\/v2\/media?parent=907"}],"curies":[{"name":"wp","href":"https:\/\/api.w.org\/{rel}","templated":true}]}}