{"id":950,"date":"2023-08-17T10:46:31","date_gmt":"2023-08-17T08:46:31","guid":{"rendered":"https:\/\/julia-arman.fr\/?page_id=950"},"modified":"2025-09-25T16:58:35","modified_gmt":"2025-09-25T14:58:35","slug":"detente-du-dos-2","status":"publish","type":"page","link":"https:\/\/julia-arman.fr\/index.php\/detente-du-dos-2\/","title":{"rendered":"D\u00e9tente du dos"},"content":{"rendered":"\n<style>@import url('https:\/\/fonts.googleapis.com\/css?family=Work+Sans:100,200,300,400,500,600,700,800,900&display=swap');.btn-liberlo {text-decoration: none;word-break: break-word;max-width: fit-content;appearance: none;border:none;cursor:pointer;font-family: \"Work Sans\",arial,sans-serif;font-size: 16px;font-weight: 500;color: #fff;line-height: 1;display: -webkit-box;display: -ms-flexbox;display: flex;-webkit-box-align: center;-ms-flex-align: center;align-items: center;padding: 9px 54px;background-color: #6d58d6;border-radius: 5px;-webkit-transition: all .2s ease;-o-transition: all .2s ease;transition: all .2s ease;} .btn-liberlo img {margin-right: 10px;} .btn-liberlo .text {color: white!important;} .btn-liberlo:hover {background-color: #4e3f99;}<\/style><a href=\"https:\/\/liberlo.com\/profil\/julia-arman-2\/\" class=\"btn-liberlo\" target=\"_blank\"><img decoding=\"async\" src=\"https:\/\/app.liberlo.com\/wp-content\/themes\/liberlo\/assets\/imgs\/logo-simple-blanc.png\" alt=\"\"><span class=\"text\">Prendre rdv<\/span><\/a>\n\n\n\n<p><strong>Vous avez mal au dos? Aux \u00e9paules? Aux lombaires? <\/strong><\/p>\n\n\n<div class=\"wp-block-image\">\n<figure class=\"alignright size-full is-resized\"><img loading=\"lazy\" decoding=\"async\" width=\"768\" height=\"576\" src=\"https:\/\/julia-arman.fr\/wp-content\/uploads\/2023\/08\/Copie-de-Sans-titre-768-\u00d7-576-px1.png\" alt=\"\" class=\"wp-image-951\" style=\"width:387px;height:290px\" srcset=\"https:\/\/julia-arman.fr\/wp-content\/uploads\/2023\/08\/Copie-de-Sans-titre-768-\u00d7-576-px1.png 768w, https:\/\/julia-arman.fr\/wp-content\/uploads\/2023\/08\/Copie-de-Sans-titre-768-\u00d7-576-px1-300x225.png 300w\" sizes=\"auto, (max-width: 768px) 100vw, 768px\" \/><\/figure>\n<\/div>\n\n\n<p>Je vous propose un soin massage m\u00ealant diff\u00e9rentes techniques que j&rsquo;ai apprises au fil de mon parcours (sota\u00ef, myo-\u00e9nerg\u00e9tique, acupressure, back th\u00e9rapy, TuiNa, &#8230;) qui vont permettre de <strong>d\u00e9tendre les tensions musculaires, et refaire circuler le sang et l&rsquo;\u00e9nergie<\/strong>. <\/p>\n\n\n\n<p>Ce massage n&rsquo;est pas un massage \u00e0 proprement dit \u00ab\u00a0bien-\u00eatre\u00a0\u00bb, ce n&rsquo;est pas un massage doux, \u00e9tant donn\u00e9 que j&rsquo;utilise une certaine force, n\u00e9cessaire, pour pouvoir d\u00e9lier les tensions physiques et pas uniquement \u00e9nerg\u00e9tiques. Il ne s&rsquo;agit pas non plus de faire mal, mais <\/p>\n\n\n\n<ul class=\"wp-block-list\">\n<li>Dur\u00e9e du soin : \n<ul class=\"wp-block-list\">\n<li>1h pour le dos entier (60 euros)<\/li>\n\n\n\n<li>30 min pour les cervicales, dorsales ou lombaires (30 euros)<\/li>\n<\/ul>\n<\/li>\n<\/ul>\n","protected":false},"excerpt":{"rendered":"<p>Prendre rdv Vous avez mal au dos? Aux \u00e9paules? Aux lombaires? Je vous propose un soin massage m\u00ealant diff\u00e9rentes techniques que j&rsquo;ai apprises au fil de mon parcours (sota\u00ef, myo-\u00e9nerg\u00e9tique, acupressure, back th\u00e9rapy, TuiNa, &#8230;) qui vont permettre de d\u00e9tendre<\/p>\n","protected":false},"author":1,"featured_media":951,"parent":0,"menu_order":0,"comment_status":"closed","ping_status":"closed","template":"","meta":{"footnotes":""},"class_list":["post-950","page","type-page","status-publish","has-post-thumbnail","hentry","","tg-column-two"],"_links":{"self":[{"href":"https:\/\/julia-arman.fr\/index.php\/wp-json\/wp\/v2\/pages\/950","targetHints":{"allow":["GET"]}}],"collection":[{"href":"https:\/\/julia-arman.fr\/index.php\/wp-json\/wp\/v2\/pages"}],"about":[{"href":"https:\/\/julia-arman.fr\/index.php\/wp-json\/wp\/v2\/types\/page"}],"author":[{"embeddable":true,"href":"https:\/\/julia-arman.fr\/index.php\/wp-json\/wp\/v2\/users\/1"}],"replies":[{"embeddable":true,"href":"https:\/\/julia-arman.fr\/index.php\/wp-json\/wp\/v2\/comments?post=950"}],"version-history":[{"count":3,"href":"https:\/\/julia-arman.fr\/index.php\/wp-json\/wp\/v2\/pages\/950\/revisions"}],"predecessor-version":[{"id":1338,"href":"https:\/\/julia-arman.fr\/index.php\/wp-json\/wp\/v2\/pages\/950\/revisions\/1338"}],"wp:featuredmedia":[{"embeddable":true,"href":"https:\/\/julia-arman.fr\/index.php\/wp-json\/wp\/v2\/media\/951"}],"wp:attachment":[{"href":"https:\/\/julia-arman.fr\/index.php\/wp-json\/wp\/v2\/media?parent=950"}],"curies":[{"name":"wp","href":"https:\/\/api.w.org\/{rel}","templated":true}]}}