{"id":967,"date":"2023-08-18T21:08:28","date_gmt":"2023-08-18T19:08:28","guid":{"rendered":"https:\/\/julia-arman.fr\/?page_id=967"},"modified":"2023-08-18T21:08:59","modified_gmt":"2023-08-18T19:08:59","slug":"reflexologie-plantaire","status":"publish","type":"page","link":"https:\/\/julia-arman.fr\/index.php\/reflexologie-plantaire\/","title":{"rendered":"R\u00e9flexologie plantaire"},"content":{"rendered":"<div class=\"wp-block-image\">\n<figure class=\"alignright size-full is-resized\"><img loading=\"lazy\" decoding=\"async\" src=\"https:\/\/julia-arman.fr\/wp-content\/uploads\/2023\/08\/Sans-titre-768-\u00d7-576-px4.png\" alt=\"\" class=\"wp-image-971\" style=\"width:406px;height:305px\" width=\"406\" height=\"305\" srcset=\"https:\/\/julia-arman.fr\/wp-content\/uploads\/2023\/08\/Sans-titre-768-\u00d7-576-px4.png 768w, https:\/\/julia-arman.fr\/wp-content\/uploads\/2023\/08\/Sans-titre-768-\u00d7-576-px4-300x225.png 300w\" sizes=\"auto, (max-width: 406px) 100vw, 406px\" \/><\/figure>\n<\/div>\n\n\n<p>La r\u00e9flexologie plantaire est un massage des pieds qui permet de d\u00e9tendre les tensions et les lourdeurs des pieds, mais aussi de d\u00e9tendre ou stimuler des points d&rsquo;acupuncture sur les trajets des m\u00e9ridiens, ou des zones r\u00e9flexes qui sont des projections de toutes les parties du corps. On peut ainsi agir sur tout le corps en se focalisant uniquement sur le massage du pied. <\/p>\n\n\n\n<p>Chaque zone du pied rec\u00e8le donc des informations sur l&rsquo;\u00e9tat du reste du corps. Ce massage permet \u00e0 la fois d&rsquo;obtenir des infos sur le corps, mais aussi d&rsquo;agir sur ces zones \u00e0 distance. <\/p>\n\n\n\n<ul class=\"wp-block-list\">\n<li><strong>Dur\u00e9e de la s\u00e9ance : 45 minutes<\/strong><\/li>\n\n\n\n<li><strong>tarif : 45 euros<\/strong><\/li>\n<\/ul>\n\n\n\n<script>\n  if (typeof hasAmeliaEntitiesApiCall === 'undefined' && ('' === '' && '' !== '1')) {\n    var hasAmeliaEntitiesApiCall = true;\n  }\n  var ameliaShortcodeData = (typeof ameliaShortcodeData === 'undefined') ? [] : ameliaShortcodeData;\n  ameliaShortcodeData.push(\n    {\n      'hasApiCall': (typeof hasAmeliaEntitiesApiCall !== 'undefined') && hasAmeliaEntitiesApiCall,\n      'trigger': '',\n      'trigger_type': '',\n      'triggered_form': 'cbf',\n      'in_dialog': '',\n      'show': '',\n      'counter': '1000',\n      'package': '',\n      'category': '',\n      'service': '5',\n      'employee': '',\n      'location': '',\n      'categories_hidden': ''\n    }\n  );\n  var ameliaShortcodeDataTriggered = (typeof ameliaShortcodeDataTriggered === 'undefined') ? [] : ameliaShortcodeDataTriggered;\n  if (ameliaShortcodeData[ameliaShortcodeData.length - 1].trigger !== '') {\n    if (ameliaShortcodeDataTriggered.filter(a => a.counter === ameliaShortcodeData[ameliaShortcodeData.length - 1].counter).length === 0) {\n      ameliaShortcodeDataTriggered.push(ameliaShortcodeData.pop());\n    } else {\n      ameliaShortcodeData.pop()\n    }\n  }\n  if (typeof hasAmeliaEntitiesApiCall !== 'undefined' && hasAmeliaEntitiesApiCall) {\n    hasAmeliaEntitiesApiCall = false;\n  }\n<\/script>\n\n<div\n  id=\"amelia-v2-booking-1000\"\n  class=\"amelia-v2-booking\"\n>\n    <catalog-form-wrapper><\/catalog-form-wrapper><\/div>\n","protected":false},"excerpt":{"rendered":"<p>La r\u00e9flexologie plantaire est un massage des pieds qui permet de d\u00e9tendre les tensions et les lourdeurs des pieds, mais aussi de d\u00e9tendre ou stimuler des points d&rsquo;acupuncture sur les trajets des m\u00e9ridiens, ou des zones r\u00e9flexes qui sont des<\/p>\n","protected":false},"author":1,"featured_media":971,"parent":0,"menu_order":0,"comment_status":"closed","ping_status":"closed","template":"","meta":{"footnotes":""},"class_list":["post-967","page","type-page","status-publish","has-post-thumbnail","hentry","","tg-column-two"],"_links":{"self":[{"href":"https:\/\/julia-arman.fr\/index.php\/wp-json\/wp\/v2\/pages\/967","targetHints":{"allow":["GET"]}}],"collection":[{"href":"https:\/\/julia-arman.fr\/index.php\/wp-json\/wp\/v2\/pages"}],"about":[{"href":"https:\/\/julia-arman.fr\/index.php\/wp-json\/wp\/v2\/types\/page"}],"author":[{"embeddable":true,"href":"https:\/\/julia-arman.fr\/index.php\/wp-json\/wp\/v2\/users\/1"}],"replies":[{"embeddable":true,"href":"https:\/\/julia-arman.fr\/index.php\/wp-json\/wp\/v2\/comments?post=967"}],"version-history":[{"count":2,"href":"https:\/\/julia-arman.fr\/index.php\/wp-json\/wp\/v2\/pages\/967\/revisions"}],"predecessor-version":[{"id":974,"href":"https:\/\/julia-arman.fr\/index.php\/wp-json\/wp\/v2\/pages\/967\/revisions\/974"}],"wp:featuredmedia":[{"embeddable":true,"href":"https:\/\/julia-arman.fr\/index.php\/wp-json\/wp\/v2\/media\/971"}],"wp:attachment":[{"href":"https:\/\/julia-arman.fr\/index.php\/wp-json\/wp\/v2\/media?parent=967"}],"curies":[{"name":"wp","href":"https:\/\/api.w.org\/{rel}","templated":true}]}}